{"id":1251,"date":"2022-03-01T10:10:37","date_gmt":"2022-03-01T09:10:37","guid":{"rendered":"https:\/\/www.onoranzefunebrisangiusto.it\/osmrtnice\/"},"modified":"2024-12-18T10:42:37","modified_gmt":"2024-12-18T09:42:37","slug":"osmrtnice","status":"publish","type":"page","link":"https:\/\/www.onoranzefunebrisangiusto.it\/sl\/osmrtnice\/","title":{"rendered":"Osmrtnice"},"content":{"rendered":"<div class=\"wpb-content-wrapper\">[vc_row full_width=&#8221;stretch_row&#8221; content_placement=&#8221;middle&#8221; el_class=&#8221;home_riga_slide&#8221; visibility=&#8221;hidden-phone&#8221; css=&#8221;.vc_custom_1731576788604{background-image: url(https:\/\/www.onoranzefunebrisangiusto.it\/wp-content\/uploads\/2024\/11\/onoranze_funebri_san_giusto_trieste_necrologi_desktop-1.jpg?id=1561) !important;background-position: center !important;background-repeat: no-repeat !important;background-size: cover !important;}&#8221; wpex_bg_position=&#8221;50% 50%&#8221;][vc_column][vc_column_text css=&#8221;&#8221; text_align=&#8221;center&#8221; font_family=&#8221;Oswald&#8221; font_size=&#8221;d:60px|pl:30px|pp:30px&#8221; font_weight=&#8221;200&#8243; line_height=&#8221;23px&#8221; el_class=&#8221;br&#8221;]\n<h1>Razdelek, namenjen tistim, ki se jih \u017eelite spominjati<\/h1>\n[\/vc_column_text][\/vc_column][\/vc_row][vc_row full_width=&#8221;stretch_row&#8221; content_placement=&#8221;middle&#8221; el_class=&#8221;home_riga_slide&#8221; visibility=&#8221;visible-phone&#8221; css=&#8221;.vc_custom_1731576804109{background-image: url(https:\/\/www.onoranzefunebrisangiusto.it\/wp-content\/uploads\/2024\/11\/onoranze_funebri_san_giusto_trieste_necrologi_mobile-1.jpg?id=1564) !important;background-position: center !important;background-repeat: no-repeat !important;background-size: cover !important;}&#8221; wpex_bg_position=&#8221;50% 50%&#8221;][vc_column][vc_column_text css=&#8221;&#8221; text_align=&#8221;center&#8221; font_family=&#8221;Oswald&#8221; font_size=&#8221;d:60px|pl:30px|pp:30px&#8221; font_weight=&#8221;200&#8243; line_height=&#8221;23px&#8221; el_class=&#8221;br&#8221;]\n<h1>Razdelek, namenjen tistim, ki se jih \u017eelite spominjati<\/h1>\n[\/vc_column_text][\/vc_column][\/vc_row][vc_row full_width=&#8221;stretch_row&#8221; el_class=&#8221;mtd120 mtm80&#8243;][vc_column el_class=&#8221;cd&#8221;][vc_column_text font_size=&#8221;d:30px|pl:18px|pp:18px&#8221; font_weight=&#8221;500&#8243; line_height=&#8221;117%&#8221; el_class=&#8221;br&#8221;]Za informacije o \u010dasu in kraju civilnih in cerkvenih pogrebov, ki jih organizira na\u0161e podjetje.[\/vc_column_text][\/vc_column][\/vc_row][vc_row el_class=&#8221;mtd40 mtm20&#8243;][vc_column el_class=&#8221;cd&#8221;][vc_column_text el_class=&#8221;mtd20 mtm20&#8243;]Branje nekrologov in obletnic ter po\u0161iljanje so\u017ealja dru\u017einskim \u010dlanom.[\/vc_column_text][\/vc_column][\/vc_row][vc_row el_class=&#8221;mtd100 mtm50&#8243;][vc_column][vc_basic_grid post_type=&#8221;necrologio&#8221; max_items=&#8221;4&#8243; element_width=&#8221;12&#8243; item=&#8221;228&#8243; grid_id=&#8221;vc_gid:1732873132121-17c2a35d-3d58-2&#8243;][vc_raw_html]PHN0eWxlPi52Y19naXRlbS16b25lLWEgLnZjX2dpdGVtLXJvdy1wb3NpdGlvbi10b3AgewoJcG9zaXRpb246IHJlbGF0aXZlICFpbXBvcnRhbnQ7Cn0KPC9zdHlsZT4=[\/vc_raw_html][\/vc_column][\/vc_row][vc_row full_width=&#8221;stretch_row&#8221; el_class=&#8221;ptd60 ptm50 pbd150 pbm80&#8243; css=&#8221;.vc_custom_1731658697947{background-image: url(https:\/\/www.onoranzefunebrisangiusto.it\/wp-content\/uploads\/2024\/11\/maschera_m-1.svg?id=1489) !important;}&#8221; local_scroll_id=&#8221;contatti&#8221;][vc_column el_class=&#8221;plrm20&#8243;][vc_column_text text_align=&#8221;center&#8221; el_class=&#8221;form_bordo_bottom_titolo&#8221;]\n<h2>Poi\u0161\u010dite najbli\u017ejo poslovalnico<\/h2>\n[\/vc_column_text][vc_row_inner el_class=&#8221;mtd120 mtm60&#8243;][vc_column_inner width=&#8221;1\/3&#8243;]<div class=\"vcex-module vcex-icon-box vcex-icon-box-one wpex-flex wpex-text-left\"><div class=\"vcex-icon-box-symbol wpex-flex-shrink-0 wpex-mr-20\"><img loading=\"lazy\" class=\"vcex-icon-box-image wpex-align-middle\" style=\"width:100px;\" decoding=\"async\" src=\"https:\/\/www.onoranzefunebrisangiusto.it\/wp-content\/uploads\/2024\/11\/onoranze_funebri_san_giusto_trieste-1.svg\" alt=\"\" width=\"1\" height=\"1\"><\/div><div class=\"vcex-icon-box-text wpex-flex-grow\"><h2 class=\"vcex-icon-box-heading wpex-heading\" style=\"font-family:Roboto, sans-serif;font-weight:400;color:#000000;--wpex-hover-heading-link-color:#000000;font-size:30px;margin-bottom:10px;\">Sredi\u0161\u010de Trsta<\/h2><div class=\"vcex-icon-box-content wpex-last-mb-0 wpex-clr\" style=\"font-family:Roboto, sans-serif;color:#000000;font-size:20px;font-weight:300;\"><p>Via di Torre Bianca 37\/a Via della Zonta 7\/d<br \/>\n<span style=\"color: #a07d43\"><strong>Tel. 040 660755<\/strong><\/span><br \/>\n<span class=\"orari\"><br \/>\nPonedeljek \/ petek: 8:00 &#8211; 17:00 Sobota: 8:00 &#8211; 13:00<\/span><\/p>\n<\/div><\/div><\/div>[\/vc_column_inner][vc_column_inner el_class=&#8221;mtm50&#8243; width=&#8221;1\/3&#8243;]<div class=\"vcex-module vcex-icon-box vcex-icon-box-one wpex-flex wpex-text-left\"><div class=\"vcex-icon-box-symbol wpex-flex-shrink-0 wpex-mr-20\"><img loading=\"lazy\" class=\"vcex-icon-box-image wpex-align-middle\" style=\"width:100px;\" decoding=\"async\" src=\"https:\/\/www.onoranzefunebrisangiusto.it\/wp-content\/uploads\/2024\/11\/onoranze_funebri_san_giusto_trieste-1.svg\" alt=\"\" width=\"1\" height=\"1\"><\/div><div class=\"vcex-icon-box-text wpex-flex-grow\"><h2 class=\"vcex-icon-box-heading wpex-heading\" style=\"font-family:Roboto, sans-serif;font-weight:400;color:#000000;--wpex-hover-heading-link-color:#000000;font-size:30px;margin-bottom:10px;\">Pokopali\u0161\u010de svete Ane<\/h2><div class=\"vcex-icon-box-content wpex-last-mb-0 wpex-clr\" style=\"font-family:Roboto, sans-serif;color:#000000;font-size:20px;font-weight:300;\"><p>Via dell&#8217;Istria 139<br \/>\n<span style=\"color: #a07d43\"><strong>Tel. 040 3409846<\/strong><\/span><br \/>\n<span class=\"orari\">ponedeljek \/ sobota: 8:00 &#8211; 13:00<\/span><\/p>\n<\/div><\/div><\/div>[\/vc_column_inner][vc_column_inner el_class=&#8221;mtm50&#8243; width=&#8221;1\/3&#8243;]<div class=\"vcex-module vcex-icon-box vcex-icon-box-one wpex-flex wpex-text-left\"><div class=\"vcex-icon-box-symbol wpex-flex-shrink-0 wpex-mr-20\"><img loading=\"lazy\" class=\"vcex-icon-box-image wpex-align-middle\" style=\"width:100px;\" decoding=\"async\" src=\"https:\/\/www.onoranzefunebrisangiusto.it\/wp-content\/uploads\/2024\/11\/onoranze_funebri_san_giusto_trieste-1.svg\" alt=\"\" width=\"1\" height=\"1\"><\/div><div class=\"vcex-icon-box-text wpex-flex-grow\"><h2 class=\"vcex-icon-box-heading wpex-heading\" style=\"font-family:Roboto, sans-serif;font-weight:400;color:#000000;--wpex-hover-heading-link-color:#000000;font-size:30px;margin-bottom:10px;\">Opicina<\/h2><div class=\"vcex-icon-box-content wpex-last-mb-0 wpex-clr\" style=\"font-family:Roboto, sans-serif;color:#000000;font-size:20px;font-weight:300;\"><p>Via di Prosecco 18<br \/>\n<span style=\"color: #a07d43\"><strong>Tel. 040 2171311<\/strong><\/span><br \/>\n<span class=\"orari\">Ponedeljek \/ sobota: 8.00-13.00<\/span><\/p>\n<\/div><\/div><\/div>[\/vc_column_inner][\/vc_row_inner][\/vc_column][\/vc_row]\n<\/div>","protected":false},"excerpt":{"rendered":"<p>[vc_row full_width=&#8221;stretch_row&#8221; content_placement=&#8221;middle&#8221; el_class=&#8221;home_riga_slide&#8221; visibility=&#8221;hidden-phone&#8221; css=&#8221;.vc_custom_1731576788604{background-image: url(https:\/\/www.onoranzefunebrisangiusto.it\/wp-content\/uploads\/2024\/11\/onoranze_funebri_san_giusto_trieste_necrologi_desktop-1.jpg?id=1561) !important;background-position: center !important;background-repeat: no-repeat !important;background-size: cover !important;}&#8221; wpex_bg_position=&#8221;50% 50%&#8221;][vc_column][vc_column_text css=&#8221;&#8221; text_align=&#8221;center&#8221; font_family=&#8221;Oswald&#8221; font_size=&#8221;d:60px|pl:30px|pp:30px&#8221; font_weight=&#8221;200&#8243; line_height=&#8221;23px&#8221; el_class=&#8221;br&#8221;] Razdelek, namenjen tistim, ki se jih \u017eelite spominjati [\/vc_column_text][\/vc_column][\/vc_row][vc_row full_width=&#8221;stretch_row&#8221; content_placement=&#8221;middle&#8221; el_class=&#8221;home_riga_slide&#8221; visibility=&#8221;visible-phone&#8221; css=&#8221;.vc_custom_1731576804109{background-image: url(https:\/\/www.onoranzefunebrisangiusto.it\/wp-content\/uploads\/2024\/11\/onoranze_funebri_san_giusto_trieste_necrologi_mobile-1.jpg?id=1564) !important;background-position: center !important;background-repeat: no-repeat !important;background-size: cover !important;}&#8221; wpex_bg_position=&#8221;50% 50%&#8221;][vc_column][vc_column_text css=&#8221;&#8221; text_align=&#8221;center&#8221; font_family=&#8221;Oswald&#8221; font_size=&#8221;d:60px|pl:30px|pp:30px&#8221; font_weight=&#8221;200&#8243; line_height=&#8221;23px&#8221; el_class=&#8221;br&#8221;] Razdelek,&hellip;<\/p>\n","protected":false},"author":3,"featured_media":0,"parent":0,"menu_order":0,"comment_status":"closed","ping_status":"closed","template":"","meta":{"_acf_changed":false,"inline_featured_image":false,"footnotes":""},"class_list":["post-1251","page","type-page","status-publish","hentry","entry","no-media"],"acf":[],"yoast_head":"<!-- This site is optimized with the Yoast SEO plugin v27.3 - https:\/\/yoast.com\/product\/yoast-seo-wordpress\/ -->\n<title>San Giusto Pogrebni obredi - Nekrologi v Trstu<\/title>\n<meta name=\"description\" content=\"Onoranze Funebri San Giusto poskrbi za urejanje dokumentacije in pogrebnih storitev. Spletna storitev nekrologa.\" \/>\n<meta name=\"robots\" content=\"index, follow, max-snippet:-1, max-image-preview:large, max-video-preview:-1\" \/>\n<link rel=\"canonical\" href=\"https:\/\/www.onoranzefunebrisangiusto.it\/sl\/osmrtnice\/\" \/>\n<meta property=\"og:locale\" content=\"sl_SI\" \/>\n<meta property=\"og:type\" content=\"article\" \/>\n<meta property=\"og:title\" content=\"San Giusto Pogrebni obredi - Nekrologi v Trstu\" \/>\n<meta property=\"og:description\" content=\"Onoranze Funebri San Giusto poskrbi za urejanje dokumentacije in pogrebnih storitev. Spletna storitev nekrologa.\" \/>\n<meta property=\"og:url\" content=\"https:\/\/www.onoranzefunebrisangiusto.it\/sl\/osmrtnice\/\" \/>\n<meta property=\"og:site_name\" content=\"Onoranze Funebri San Giusto\" \/>\n<meta property=\"article:modified_time\" content=\"2024-12-18T09:42:37+00:00\" \/>\n<meta name=\"twitter:card\" content=\"summary_large_image\" \/>\n<meta name=\"twitter:label1\" content=\"Est. reading time\" \/>\n\t<meta name=\"twitter:data1\" content=\"2 minuti\" \/>\n<script type=\"application\/ld+json\" class=\"yoast-schema-graph\">{\"@context\":\"https:\\\/\\\/schema.org\",\"@graph\":[{\"@type\":\"WebPage\",\"@id\":\"https:\\\/\\\/www.onoranzefunebrisangiusto.it\\\/sl\\\/osmrtnice\\\/\",\"url\":\"https:\\\/\\\/www.onoranzefunebrisangiusto.it\\\/sl\\\/osmrtnice\\\/\",\"name\":\"San Giusto Pogrebni obredi - Nekrologi v Trstu\",\"isPartOf\":{\"@id\":\"https:\\\/\\\/www.onoranzefunebrisangiusto.it\\\/#website\"},\"datePublished\":\"2022-03-01T09:10:37+00:00\",\"dateModified\":\"2024-12-18T09:42:37+00:00\",\"description\":\"Onoranze Funebri San Giusto poskrbi za urejanje dokumentacije in pogrebnih storitev. Spletna storitev nekrologa.\",\"breadcrumb\":{\"@id\":\"https:\\\/\\\/www.onoranzefunebrisangiusto.it\\\/sl\\\/osmrtnice\\\/#breadcrumb\"},\"inLanguage\":\"sl-SI\",\"potentialAction\":[{\"@type\":\"ReadAction\",\"target\":[\"https:\\\/\\\/www.onoranzefunebrisangiusto.it\\\/sl\\\/osmrtnice\\\/\"]}]},{\"@type\":\"BreadcrumbList\",\"@id\":\"https:\\\/\\\/www.onoranzefunebrisangiusto.it\\\/sl\\\/osmrtnice\\\/#breadcrumb\",\"itemListElement\":[{\"@type\":\"ListItem\",\"position\":1,\"name\":\"Home\",\"item\":\"https:\\\/\\\/www.onoranzefunebrisangiusto.it\\\/sl\\\/\"},{\"@type\":\"ListItem\",\"position\":2,\"name\":\"Osmrtnice\"}]},{\"@type\":\"WebSite\",\"@id\":\"https:\\\/\\\/www.onoranzefunebrisangiusto.it\\\/#website\",\"url\":\"https:\\\/\\\/www.onoranzefunebrisangiusto.it\\\/\",\"name\":\"Onoranze Funebri San Giusto\",\"description\":\"Pompe Funebri a Trieste e Monfalcone\",\"publisher\":{\"@id\":\"https:\\\/\\\/www.onoranzefunebrisangiusto.it\\\/#organization\"},\"potentialAction\":[{\"@type\":\"SearchAction\",\"target\":{\"@type\":\"EntryPoint\",\"urlTemplate\":\"https:\\\/\\\/www.onoranzefunebrisangiusto.it\\\/?s={search_term_string}\"},\"query-input\":{\"@type\":\"PropertyValueSpecification\",\"valueRequired\":true,\"valueName\":\"search_term_string\"}}],\"inLanguage\":\"sl-SI\"},{\"@type\":\"Organization\",\"@id\":\"https:\\\/\\\/www.onoranzefunebrisangiusto.it\\\/#organization\",\"name\":\"Onoranze Funebri San Giusto\",\"url\":\"https:\\\/\\\/www.onoranzefunebrisangiusto.it\\\/\",\"logo\":{\"@type\":\"ImageObject\",\"inLanguage\":\"sl-SI\",\"@id\":\"https:\\\/\\\/www.onoranzefunebrisangiusto.it\\\/#\\\/schema\\\/logo\\\/image\\\/\",\"url\":\"https:\\\/\\\/www.onoranzefunebrisangiusto.it\\\/wp-content\\\/uploads\\\/2024\\\/11\\\/onoranze_funebri_san_giusto_trieste_logo-1.jpg\",\"contentUrl\":\"https:\\\/\\\/www.onoranzefunebrisangiusto.it\\\/wp-content\\\/uploads\\\/2024\\\/11\\\/onoranze_funebri_san_giusto_trieste_logo-1.jpg\",\"width\":801,\"height\":606,\"caption\":\"Onoranze Funebri San Giusto\"},\"image\":{\"@id\":\"https:\\\/\\\/www.onoranzefunebrisangiusto.it\\\/#\\\/schema\\\/logo\\\/image\\\/\"}}]}<\/script>\n<!-- \/ Yoast SEO plugin. -->","yoast_head_json":{"title":"San Giusto Pogrebni obredi - Nekrologi v Trstu","description":"Onoranze Funebri San Giusto poskrbi za urejanje dokumentacije in pogrebnih storitev. Spletna storitev nekrologa.","robots":{"index":"index","follow":"follow","max-snippet":"max-snippet:-1","max-image-preview":"max-image-preview:large","max-video-preview":"max-video-preview:-1"},"canonical":"https:\/\/www.onoranzefunebrisangiusto.it\/sl\/osmrtnice\/","og_locale":"sl_SI","og_type":"article","og_title":"San Giusto Pogrebni obredi - Nekrologi v Trstu","og_description":"Onoranze Funebri San Giusto poskrbi za urejanje dokumentacije in pogrebnih storitev. Spletna storitev nekrologa.","og_url":"https:\/\/www.onoranzefunebrisangiusto.it\/sl\/osmrtnice\/","og_site_name":"Onoranze Funebri San Giusto","article_modified_time":"2024-12-18T09:42:37+00:00","twitter_card":"summary_large_image","twitter_misc":{"Est. reading time":"2 minuti"},"schema":{"@context":"https:\/\/schema.org","@graph":[{"@type":"WebPage","@id":"https:\/\/www.onoranzefunebrisangiusto.it\/sl\/osmrtnice\/","url":"https:\/\/www.onoranzefunebrisangiusto.it\/sl\/osmrtnice\/","name":"San Giusto Pogrebni obredi - Nekrologi v Trstu","isPartOf":{"@id":"https:\/\/www.onoranzefunebrisangiusto.it\/#website"},"datePublished":"2022-03-01T09:10:37+00:00","dateModified":"2024-12-18T09:42:37+00:00","description":"Onoranze Funebri San Giusto poskrbi za urejanje dokumentacije in pogrebnih storitev. Spletna storitev nekrologa.","breadcrumb":{"@id":"https:\/\/www.onoranzefunebrisangiusto.it\/sl\/osmrtnice\/#breadcrumb"},"inLanguage":"sl-SI","potentialAction":[{"@type":"ReadAction","target":["https:\/\/www.onoranzefunebrisangiusto.it\/sl\/osmrtnice\/"]}]},{"@type":"BreadcrumbList","@id":"https:\/\/www.onoranzefunebrisangiusto.it\/sl\/osmrtnice\/#breadcrumb","itemListElement":[{"@type":"ListItem","position":1,"name":"Home","item":"https:\/\/www.onoranzefunebrisangiusto.it\/sl\/"},{"@type":"ListItem","position":2,"name":"Osmrtnice"}]},{"@type":"WebSite","@id":"https:\/\/www.onoranzefunebrisangiusto.it\/#website","url":"https:\/\/www.onoranzefunebrisangiusto.it\/","name":"Onoranze Funebri San Giusto","description":"Pompe Funebri a Trieste e Monfalcone","publisher":{"@id":"https:\/\/www.onoranzefunebrisangiusto.it\/#organization"},"potentialAction":[{"@type":"SearchAction","target":{"@type":"EntryPoint","urlTemplate":"https:\/\/www.onoranzefunebrisangiusto.it\/?s={search_term_string}"},"query-input":{"@type":"PropertyValueSpecification","valueRequired":true,"valueName":"search_term_string"}}],"inLanguage":"sl-SI"},{"@type":"Organization","@id":"https:\/\/www.onoranzefunebrisangiusto.it\/#organization","name":"Onoranze Funebri San Giusto","url":"https:\/\/www.onoranzefunebrisangiusto.it\/","logo":{"@type":"ImageObject","inLanguage":"sl-SI","@id":"https:\/\/www.onoranzefunebrisangiusto.it\/#\/schema\/logo\/image\/","url":"https:\/\/www.onoranzefunebrisangiusto.it\/wp-content\/uploads\/2024\/11\/onoranze_funebri_san_giusto_trieste_logo-1.jpg","contentUrl":"https:\/\/www.onoranzefunebrisangiusto.it\/wp-content\/uploads\/2024\/11\/onoranze_funebri_san_giusto_trieste_logo-1.jpg","width":801,"height":606,"caption":"Onoranze Funebri San Giusto"},"image":{"@id":"https:\/\/www.onoranzefunebrisangiusto.it\/#\/schema\/logo\/image\/"}}]}},"_links":{"self":[{"href":"https:\/\/www.onoranzefunebrisangiusto.it\/sl\/wp-json\/wp\/v2\/pages\/1251","targetHints":{"allow":["GET"]}}],"collection":[{"href":"https:\/\/www.onoranzefunebrisangiusto.it\/sl\/wp-json\/wp\/v2\/pages"}],"about":[{"href":"https:\/\/www.onoranzefunebrisangiusto.it\/sl\/wp-json\/wp\/v2\/types\/page"}],"author":[{"embeddable":true,"href":"https:\/\/www.onoranzefunebrisangiusto.it\/sl\/wp-json\/wp\/v2\/users\/3"}],"replies":[{"embeddable":true,"href":"https:\/\/www.onoranzefunebrisangiusto.it\/sl\/wp-json\/wp\/v2\/comments?post=1251"}],"version-history":[{"count":5,"href":"https:\/\/www.onoranzefunebrisangiusto.it\/sl\/wp-json\/wp\/v2\/pages\/1251\/revisions"}],"predecessor-version":[{"id":1929,"href":"https:\/\/www.onoranzefunebrisangiusto.it\/sl\/wp-json\/wp\/v2\/pages\/1251\/revisions\/1929"}],"wp:attachment":[{"href":"https:\/\/www.onoranzefunebrisangiusto.it\/sl\/wp-json\/wp\/v2\/media?parent=1251"}],"curies":[{"name":"wp","href":"https:\/\/api.w.org\/{rel}","templated":true}]}}